{"id":8185,"date":"2020-11-26T07:30:56","date_gmt":"2020-11-26T06:30:56","guid":{"rendered":"https:\/\/sgdevdemo-staging.4lima.de\/contact\/"},"modified":"2026-03-30T14:46:37","modified_gmt":"2026-03-30T12:46:37","slug":"contact","status":"publish","type":"page","link":"https:\/\/www.soft-gate.de\/en\/contact\/","title":{"rendered":"Contact"},"content":{"rendered":"<section class=\"l-section wpb_row us_custom_27ad07af height_medium width_full\"><div class=\"l-section-h i-cf\"><div class=\"g-cols vc_row via_flex valign_top type_boxes stacking_default\"><div class=\"vc_col-sm-6 wpb_column vc_column_container\"><div class=\"vc_column-inner us_custom_8e505c58 us_animate_this\"><div class=\"vc_column-overlay\" style=\"background:rgba(255,255,255,0.80)\"><\/div><div class=\"wpb_wrapper\"><div class=\"w-iconbox us_custom_73be5052 has_text_color iconpos_left style_default color_custom align_center no_text\"><div class=\"w-iconbox-icon\" style=\"font-size:2rem;--icon-color:#ffffff;\"><i class=\"fas fa-building\"><\/i><\/div><div class=\"w-iconbox-meta\"><h4 class=\"w-iconbox-title\">Address<\/h4><\/div><\/div><div class=\"wpb_text_column us_custom_20bb9a79\"><div class=\"wpb_wrapper\"><h5>softgate GmbH<br \/>\nAllee am Roethelheimpark 43<br \/>\n91052 Erlangen<br \/>\nGermany<\/h5>\n<\/div><\/div><div class=\"w-popup us_custom_f59d3fa2 w-btn-wrapper align_none\"><button type=\"button\" aria-label=\"Directions\" class=\"w-popup-trigger type_btn w-btn us-btn-style_4\" style=\"font-size:15px\"><span class=\"w-btn-label\">Directions<\/span><\/button><div class=\"w-popup-overlay\" style=\"background:rgba(0,0,0,0.79);\"><\/div><div class=\"w-popup-wrap layout_default\" role=\"dialog\" aria-modal=\"true\" aria-label=\"Directions\" style=\"--title-color:var(--color-header-middle-text);--title-bg-color:var(--color-content-bg-alt);--content-color:var(--color-content-text);--content-bg-color:var(--color-content-bg);--popup-width:600px;--popup-padding:5%;\"><button aria-label=\"Close\" class=\"w-popup-closer\" type=\"button\"><\/button><div class=\"w-popup-box animation_fadeIn closerpos_outside with_title\"><div class=\"w-popup-box-h\"><div class=\"w-popup-box-title\">Directions<\/div><div class=\"w-popup-box-content\"><p><strong><u>By bus \u2013 nearby bus stops<\/u><\/strong><\/p>\n<ul>\n<li>Erlang. R\u00f6thelheimpark-Zentrum<\/li>\n<li>Erlangen Marie-Curie-Stra\u00dfe<\/li>\n<\/ul>\n<p><strong><u>Coming from the A3 (from both directions) via the B4<\/u><\/strong><\/p>\n<ul>\n<li>Exit the motorway at <strong>Erlangen-Tennenlohe<\/strong> and take the B4 (\u00c4u\u00dfere N\u00fcrnberger Stra\u00dfe) toward <strong>Erlangen<\/strong>.<\/li>\n<li>Leave the B4 at the<strong> second exit (Universit\u00e4t S\u00fcdgel\u00e4nde, R\u00f6thelheimpark)<\/strong>.<\/li>\n<li>Take the <strong>second exit<\/strong> on the roundabout and follow Kurt-Schumacher-Stra\u00dfe.<\/li>\n<li>After approx. <strong>3.5 km<\/strong>, turn <strong>left at the traffic lights<\/strong> onto <strong>Allee am R\u00f6thelheimpark<\/strong> (opposite the Spielvereinigung Erlangen sports ground).<\/li>\n<li>After approx. 250 m, the softgate building is on the right side.<\/li>\n<\/ul>\n<p><strong><u>Access to parking spaces<\/u><\/strong><\/p>\n<ul>\n<li><strong>Turn onto Helene-Richter-Stra\u00dfe<\/strong> (behind the large white and yellow building).<\/li>\n<li>After approx. <strong>60 m, turn right<\/strong> onto the rear access road to the building.<\/li>\n<li>There are two designated visitor parking spaces on the left-hand side, other parking spaces have softgate signs and can also be used if the visitor parking spaces are taken.<\/li>\n<\/ul>\n<p><strong>Walk to the front of the building and ring the bell at the main entrance, number 43.<\/strong><\/p>\n<p><strong>Reception is on the 2nd floor.<\/strong><\/p>\n<\/div><\/div><\/div><\/div><\/div><div class=\"w-separator size_small\"><\/div><h2 class=\"w-text us_custom_ecd3b896\"><span class=\"w-text-h\"><span class=\"w-text-value\">Parking lots and parking garage<\/span><\/span><\/h2><div class=\"w-image us_custom_ec7b106f align_none\"><a href=\"https:\/\/sgdevdemo-staging.4lima.de\/wp-content\/uploads\/Anfahrt1.0.png\" aria-label=\"Anfahrt1.0\" class=\"w-image-h\" target=\"_blank\" rel=\"noopener\"><img decoding=\"async\" width=\"763\" height=\"476\" src=\"https:\/\/www.soft-gate.de\/wp-content\/uploads\/Anfahrt1.0.png\" class=\"attachment-large size-large\" alt=\"\" loading=\"lazy\" srcset=\"https:\/\/www.soft-gate.de\/wp-content\/uploads\/Anfahrt1.0.png 763w, https:\/\/www.soft-gate.de\/wp-content\/uploads\/Anfahrt1.0-300x187.png 300w\" sizes=\"auto, (max-width: 763px) 100vw, 763px\" \/><\/a><\/div><\/div><\/div><\/div><div class=\"vc_col-sm-6 wpb_column vc_column_container\"><div class=\"vc_column-inner us_custom_6706271e us_animate_this\"><div class=\"vc_column-overlay\" style=\"background:rgba(255,255,255,0.75)\"><\/div><div class=\"wpb_wrapper\"><div class=\"w-iconbox us_custom_78798281 has_text_color iconpos_left style_default color_custom align_center no_text\"><div class=\"w-iconbox-icon\" style=\"font-size:2rem;--icon-color:#ffffff;--icon-bg-color:#ffffff;\"><i class=\"fas fa-envelope\"><\/i><\/div><div class=\"w-iconbox-meta\"><h4 class=\"w-iconbox-title\">Contact form<\/h4><\/div><\/div><div class=\"wpb_text_column us_custom_ecd3b896\"><div class=\"wpb_wrapper\">\n<div class=\"wpcf7 no-js\" id=\"wpcf7-f8790-o1\" lang=\"en-US\" dir=\"ltr\" data-wpcf7-id=\"8790\">\n<div class=\"screen-reader-response\"><p role=\"status\" aria-live=\"polite\" aria-atomic=\"true\"><\/p> <ul><\/ul><\/div>\n<form action=\"\/en\/wp-json\/wp\/v2\/pages\/8185#wpcf7-f8790-o1\" method=\"post\" class=\"wpcf7-form init\" aria-label=\"Contact form\" novalidate=\"novalidate\" data-status=\"init\">\n<fieldset class=\"hidden-fields-container\"><input type=\"hidden\" name=\"_wpcf7\" value=\"8790\" \/><input type=\"hidden\" name=\"_wpcf7_version\" value=\"6.1.5\" \/><input type=\"hidden\" name=\"_wpcf7_locale\" value=\"en_US\" \/><input type=\"hidden\" name=\"_wpcf7_unit_tag\" value=\"wpcf7-f8790-o1\" \/><input type=\"hidden\" name=\"_wpcf7_container_post\" value=\"0\" \/><input type=\"hidden\" name=\"_wpcf7_posted_data_hash\" value=\"\" \/><input type=\"hidden\" name=\"_wpcf7_recaptcha_response\" value=\"\" \/>\n<\/fieldset>\n<p><label>Name<br \/>\n<span class=\"wpcf7-form-control-wrap\" data-name=\"your-name\"><input size=\"40\" maxlength=\"400\" class=\"wpcf7-form-control wpcf7-text wpcf7-validates-as-required\" aria-required=\"true\" aria-invalid=\"false\" value=\"\" type=\"text\" name=\"your-name\" \/><\/span> <\/label>\n<\/p>\n<p><label>E-Mail<br \/>\n<span class=\"wpcf7-form-control-wrap\" data-name=\"your-email\"><input size=\"40\" maxlength=\"400\" class=\"wpcf7-form-control wpcf7-email wpcf7-validates-as-required wpcf7-text wpcf7-validates-as-email\" aria-required=\"true\" aria-invalid=\"false\" value=\"\" type=\"email\" name=\"your-email\" \/><\/span> <\/label>\n<\/p>\n<p><label>Subject<br \/>\n<span class=\"wpcf7-form-control-wrap\" data-name=\"your-subject\"><input size=\"40\" maxlength=\"400\" class=\"wpcf7-form-control wpcf7-text wpcf7-validates-as-required\" aria-required=\"true\" aria-invalid=\"false\" value=\"\" type=\"text\" name=\"your-subject\" \/><\/span> <\/label>\n<\/p>\n<p><label>Message<br \/>\n<span class=\"wpcf7-form-control-wrap\" data-name=\"your-message\"><textarea cols=\"40\" rows=\"10\" maxlength=\"2000\" class=\"wpcf7-form-control wpcf7-textarea\" aria-invalid=\"false\" name=\"your-message\"><\/textarea><\/span> <\/label>\n<\/p>\n<p>I have read and agree to the <a href=\"https:\/\/www.soft-gate.de\/en\/promotional-terms\/\">promotional terms<\/a> (*).\u00a0<br \/>\n<span class=\"wpcf7-form-control-wrap\" data-name=\"promotional\"><span class=\"wpcf7-form-control wpcf7-acceptance\"><span class=\"wpcf7-list-item\"><label><input type=\"checkbox\" name=\"promotional\" value=\"1\" aria-invalid=\"false\" \/><span class=\"wpcf7-list-item-label\">Yes, I agree!<\/span><\/label><\/span><\/span><\/span>\n<\/p>\n<p>I have read and agree to the <a href=\"https:\/\/www.soft-gate.de\/en\/privacy-notice-for-contacting-us\/\">Privacy notice for contacting us according to Art. 7 Regulation (EU) 2016\/679<\/a> (*).\u00a0<br \/>\n<span class=\"wpcf7-form-control-wrap\" data-name=\"privacy\"><span class=\"wpcf7-form-control wpcf7-acceptance\"><span class=\"wpcf7-list-item\"><label><input type=\"checkbox\" name=\"privacy\" value=\"1\" aria-invalid=\"false\" \/><span class=\"wpcf7-list-item-label\">Yes, I agree!<\/span><\/label><\/span><\/span><\/span>\n<\/p>\n<p><input class=\"wpcf7-form-control wpcf7-submit has-spinner\" type=\"submit\" value=\"Submit\" \/>\n<\/p><p style=\"display: none !important;\" class=\"akismet-fields-container\" data-prefix=\"_wpcf7_ak_\"><label>&#916;<textarea name=\"_wpcf7_ak_hp_textarea\" cols=\"45\" rows=\"8\" maxlength=\"100\"><\/textarea><\/label><input type=\"hidden\" id=\"ak_js_1\" name=\"_wpcf7_ak_js\" value=\"101\"\/><script>document.getElementById( \"ak_js_1\" ).setAttribute( \"value\", ( new Date() ).getTime() );<\/script><\/p><div class=\"wpcf7-response-output\" aria-hidden=\"true\"><\/div>\n<\/form>\n<\/div>\n\n<\/div><\/div><div class=\"w-socials us_custom_07522d4b color_brand shape_circle style_outlined hover_fade\" style=\"--gap:0.8px;\"><div class=\"w-socials-list\"><div class=\"w-socials-item linkedin\"><a target=\"_blank\" rel=\"nofollow noopener\" href=\"https:\/\/www.linkedin.com\/company\/softgate \" class=\"w-socials-item-link\" aria-label=\"LinkedIn\"><span class=\"w-socials-item-link-hover\"><\/span><i class=\"fab fa-linkedin\"><\/i><\/a><div class=\"w-socials-item-popup\"><span>LinkedIn<\/span><\/div><\/div><div class=\"w-socials-item youtube\"><a target=\"_blank\" rel=\"nofollow noopener\" href=\"https:\/\/www.youtube.com\/channel\/UC0gBzlbHSmbPEdSQAV3G0kg \" class=\"w-socials-item-link\" aria-label=\"YouTube\"><span class=\"w-socials-item-link-hover\"><\/span><i class=\"fab fa-youtube\"><\/i><\/a><div class=\"w-socials-item-popup\"><span>YouTube<\/span><\/div><\/div><\/div><\/div><div class=\"w-btn-wrapper align_right\"><a class=\"w-btn us-btn-style_4 us_custom_7e3cca0a\" title=\"customer support\" href=\"https:\/\/www.soft-gate.de\/en\/customer-support\/\"><span class=\"w-btn-label\">Customer support<\/span><\/a><\/div><\/div><\/div><\/div><\/div><\/div><\/section><section class=\"l-section wpb_row us_custom_efc17075 height_auto width_full\"><div class=\"l-section-h i-cf\"><div class=\"g-cols vc_row via_flex valign_top type_default stacking_default\"><div class=\"vc_col-sm-12 wpb_column vc_column_container\"><div class=\"vc_column-inner\"><div class=\"wpb_wrapper\"><div class=\"w-html\"><iframe src=\"https:\/\/www.google.com\/maps\/embed?pb=!1m14!1m8!1m3!1d7315.037597396027!2d11.029900555046154!3d49.592915159830596!3m2!1i1024!2i768!4f13.1!3m3!1m2!1s0x0%3A0x43940df9285fbff0!2ssoftgate%20GmbH!5e0!3m2!1sen!2sde!4v1643890957390!5m2!1sen!2sde\" width=\"2500\" height=\"500\" style=\"border:0;\" allowfullscreen=\"\" loading=\"lazy\"><\/iframe><\/div><\/div><\/div><\/div><\/div><\/div><\/section>\n","protected":false},"excerpt":{"rendered":"Addresssoftgate GmbH Allee am Roethelheimpark 43 91052 Erlangen Germany DirectionsDirectionsBy bus \u2013 nearby bus stops Erlang. R\u00f6thelheimpark-Zentrum Erlangen Marie-Curie-Stra\u00dfe Coming from the A3 (from both directions) via the B4 Exit the motorway at Erlangen-Tennenlohe and take the B4 (\u00c4u\u00dfere N\u00fcrnberger Stra\u00dfe) toward Erlangen. Leave the B4 at the second exit (Universit\u00e4t S\u00fcdgel\u00e4nde, R\u00f6thelheimpark). Take the...","protected":false},"author":3,"featured_media":0,"parent":0,"menu_order":0,"comment_status":"closed","ping_status":"closed","template":"","meta":{"_monsterinsights_skip_tracking":false,"_monsterinsights_sitenote_active":false,"_monsterinsights_sitenote_note":"","_monsterinsights_sitenote_category":0,"footnotes":""},"class_list":["post-8185","page","type-page","status-publish","hentry"],"_links":{"self":[{"href":"https:\/\/www.soft-gate.de\/en\/wp-json\/wp\/v2\/pages\/8185","targetHints":{"allow":["GET"]}}],"collection":[{"href":"https:\/\/www.soft-gate.de\/en\/wp-json\/wp\/v2\/pages"}],"about":[{"href":"https:\/\/www.soft-gate.de\/en\/wp-json\/wp\/v2\/types\/page"}],"author":[{"embeddable":true,"href":"https:\/\/www.soft-gate.de\/en\/wp-json\/wp\/v2\/users\/3"}],"replies":[{"embeddable":true,"href":"https:\/\/www.soft-gate.de\/en\/wp-json\/wp\/v2\/comments?post=8185"}],"version-history":[{"count":10,"href":"https:\/\/www.soft-gate.de\/en\/wp-json\/wp\/v2\/pages\/8185\/revisions"}],"predecessor-version":[{"id":125151,"href":"https:\/\/www.soft-gate.de\/en\/wp-json\/wp\/v2\/pages\/8185\/revisions\/125151"}],"wp:attachment":[{"href":"https:\/\/www.soft-gate.de\/en\/wp-json\/wp\/v2\/media?parent=8185"}],"curies":[{"name":"wp","href":"https:\/\/api.w.org\/{rel}","templated":true}]}}